{"id":2212,"date":"2019-09-13T08:37:02","date_gmt":"2019-09-13T08:37:02","guid":{"rendered":"http:\/\/guiaturismoparasordos.com\/?page_id=2212"},"modified":"2022-12-14T21:23:48","modified_gmt":"2022-12-14T21:23:48","slug":"inicio","status":"publish","type":"page","link":"https:\/\/guiaturismoparasordos.com\/fr\/","title":{"rendered":"Inicio"},"content":{"rendered":"<div id=\"pl-2212\"  class=\"panel-layout\" ><div id=\"pg-2212-0\"  class=\"panel-grid panel-has-style\" ><div class=\"sector_presentacion siteorigin-panels-stretch panel-row-style panel-row-style-for-2212-0\" data-stretch-type=\"full\" ><div id=\"pgc-2212-0-0\"  class=\"panel-grid-cell\" ><div id=\"panel-2212-0-0-0\" class=\"so-panel widget widget_sow-editor panel-first-child\" data-index=\"0\" ><div class=\"panel-widget-style panel-widget-style-for-2212-0-0-0\" ><div\n\t\t\t\n\t\t\tclass=\"so-widget-sow-editor so-widget-sow-editor-base\"\n\t\t\t\n\t\t>\n<div class=\"siteorigin-widget-tinymce textwidget\">\n\t<div id=\"presentacion\">\n<h1 style=\"text-align: center; color: #ffffff;\">PR\u00c9SENTATION<\/h1>\n<\/div>\n<\/div>\n<\/div><\/div><\/div><div id=\"panel-2212-0-0-1\" class=\"so-panel widget widget_sow-editor panel-last-child\" data-index=\"1\" ><div class=\"panel-widget-style panel-widget-style-for-2212-0-0-1\" ><div\n\t\t\t\n\t\t\tclass=\"so-widget-sow-editor so-widget-sow-editor-base\"\n\t\t\t\n\t\t>\n<div class=\"siteorigin-widget-tinymce textwidget\">\n\t<p><span style=\"text-align: justify; color: white; font-size: 20px;\">Pour une accessibilit\u00e9 \u00e0 100% dans le tourisme et les loisirs pour tous. Accessibilit\u00e9 compl\u00e8te et efficace. Olga Babarro, premier guide touristique officiel pour les sourds en langue des signes et orale, en espagnol, anglais et fran\u00e7ais pour les malentendants et les malentendants en Espagne.<\/span><\/p>\n<\/div>\n<\/div><\/div><\/div><\/div><div id=\"pgc-2212-0-1\"  class=\"panel-grid-cell\" ><div id=\"panel-2212-0-1-0\" class=\"so-panel widget widget_sow-editor panel-first-child panel-last-child\" data-index=\"2\" ><div class=\"panel-widget-style panel-widget-style-for-2212-0-1-0\" ><div\n\t\t\t\n\t\t\tclass=\"so-widget-sow-editor so-widget-sow-editor-base\"\n\t\t\t\n\t\t>\n<div class=\"siteorigin-widget-tinymce textwidget\">\n\t<p><iframe loading=\"lazy\" width=\"560\" height=\"315\" src=\"https:\/\/www.youtube.com\/embed\/-0dqRqgj86I?autoplay=0&controls=0&rel=0&mute=0\"><\/iframe><\/p>\n<\/div>\n<\/div><\/div><\/div><\/div><\/div><\/div><div id=\"pg-2212-1\"  class=\"panel-grid panel-has-style\" ><div class=\"sector_contacto siteorigin-panels-stretch panel-row-style panel-row-style-for-2212-1\" data-stretch-type=\"full\" ><div id=\"pgc-2212-1-0\"  class=\"panel-grid-cell\" ><div id=\"panel-2212-1-0-0\" class=\"so-panel widget widget_sow-editor panel-first-child panel-last-child\" data-index=\"3\" ><div class=\"panel-widget-style panel-widget-style-for-2212-1-0-0\" ><div\n\t\t\t\n\t\t\tclass=\"so-widget-sow-editor so-widget-sow-editor-base\"\n\t\t\t\n\t\t>\n<div class=\"siteorigin-widget-tinymce textwidget\">\n\t<\/div>\n<\/div><\/div><\/div><\/div><\/div><\/div><div id=\"pg-2212-2\"  class=\"panel-grid panel-has-style\" ><div class=\"sector_contacto siteorigin-panels-stretch panel-row-style panel-row-style-for-2212-2\" data-stretch-type=\"full\" ><div id=\"pgc-2212-2-0\"  class=\"panel-grid-cell panel-grid-cell-empty\" ><\/div><div id=\"pgc-2212-2-1\"  class=\"panel-grid-cell\" ><div id=\"panel-2212-2-1-0\" class=\"so-panel widget widget_sow-editor panel-first-child\" data-index=\"4\" ><div\n\t\t\t\n\t\t\tclass=\"so-widget-sow-editor so-widget-sow-editor-base\"\n\t\t\t\n\t\t>\n<div class=\"siteorigin-widget-tinymce textwidget\">\n\t<div style=\"padding-top: 30px; padding-bottom: 0px;\">\n<a href=\"http:\/\/guiaturismoparasordos.com\/fr\/olgababarro\/\"><img decoding=\"async\" src=\"http:\/\/guiaturismoparasordos.com\/wp-content\/uploads\/2020\/04\/olgabannerEN.jpg\" class=\"olgapresimg\" \/><\/a><br \/>\n<span style=\"text-align: center; color: #8b599e; font-size: 18px;\"><b>Olga Babarro<\/b><\/span><\/div>\n<\/div>\n<\/div><\/div><div id=\"panel-2212-2-1-1\" class=\"so-panel widget widget_sow-editor panel-last-child\" data-index=\"5\" ><div\n\t\t\t\n\t\t\tclass=\"so-widget-sow-editor so-widget-sow-editor-base\"\n\t\t\t\n\t\t>\n<div class=\"siteorigin-widget-tinymce textwidget\">\n\t<div style=\"padding-top: 30px; padding-bottom: 0px;\">\n<a href=\"http:\/\/guiaturismoparasordos.com\/fr\/blog\/\"><img decoding=\"async\"  src=\"http:\/\/guiaturismoparasordos.com\/wp-content\/uploads\/2020\/04\/olgablog.jpg\" class=\"olgapresimg\"\/><\/a><br \/>\n<span style=\"text-align: center; color: #8b599e; font-size: 18px;\"><b>Blog<\/b><\/span><\/div>\n<\/div>\n<\/div><\/div><\/div><div id=\"pgc-2212-2-2\"  class=\"panel-grid-cell panel-grid-cell-empty\" ><\/div><div id=\"pgc-2212-2-3\"  class=\"panel-grid-cell panel-grid-cell-mobile-last\" ><div id=\"panel-2212-2-3-0\" class=\"so-panel widget widget_sow-editor panel-first-child\" data-index=\"6\" ><div\n\t\t\t\n\t\t\tclass=\"so-widget-sow-editor so-widget-sow-editor-base\"\n\t\t\t\n\t\t>\n<div class=\"siteorigin-widget-tinymce textwidget\">\n\t<div style=\"padding-top: 30px; padding-bottom: 0px;\">\n<a href=\"http:\/\/guiaturismoparasordos.com\/fr\/logrosactuales\/\"><img decoding=\"async\" src=\"http:\/\/guiaturismoparasordos.com\/wp-content\/uploads\/2020\/04\/olgalogro1-300x149.jpg\" class=\"olgapresimg\" \/><\/a><br \/>\n<span style=\"text-align: center; color: #8b599e; font-size: 18px;\"><b>r\u00e9alisations actuelles<\/b><\/span><\/div>\n<\/div>\n<\/div><\/div><div id=\"panel-2212-2-3-1\" class=\"so-panel widget widget_sow-editor panel-last-child\" data-index=\"7\" ><div\n\t\t\t\n\t\t\tclass=\"so-widget-sow-editor so-widget-sow-editor-base\"\n\t\t\t\n\t\t>\n<div class=\"siteorigin-widget-tinymce textwidget\">\n\t<div style=\"padding-top: 30px; padding-bottom: 0px;\">\n<a href=\"http:\/\/guiaturismoparasordos.com\/fr\/prensa\/\"><img decoding=\"async\"  src=\"http:\/\/guiaturismoparasordos.com\/wp-content\/uploads\/2020\/04\/olgaprensa.jpg\" class=\"olgapresimg\"\/><\/a><br \/>\n<span style=\"text-align: center; color: #8b599e; font-size: 18px;\"><b>Presse<\/b><\/span><\/div>\n<\/div>\n<\/div><\/div><\/div><div id=\"pgc-2212-2-4\"  class=\"panel-grid-cell panel-grid-cell-empty\" ><\/div><\/div><\/div><div id=\"pg-2212-3\"  class=\"panel-grid panel-has-style\" ><div class=\"sector_presentacion siteorigin-panels-stretch panel-row-style panel-row-style-for-2212-3\" data-stretch-type=\"full\" ><div id=\"pgc-2212-3-0\"  class=\"panel-grid-cell\" ><div id=\"panel-2212-3-0-0\" class=\"so-panel widget widget_sow-editor panel-first-child panel-last-child\" data-index=\"8\" ><div class=\"panel-widget-style panel-widget-style-for-2212-3-0-0\" ><div\n\t\t\t\n\t\t\tclass=\"so-widget-sow-editor so-widget-sow-editor-base\"\n\t\t\t\n\t\t>\n<div class=\"siteorigin-widget-tinymce textwidget\">\n\t<div id=\"presentacion\">\n<h1 style=\"text-align: center; color: #ffffff;\">GUIDE TOURISTIQUE POUR LES SOURDS<\/h1>\n<\/div>\n<\/div>\n<\/div><\/div><\/div><\/div><\/div><\/div><div id=\"pg-2212-4\"  class=\"panel-grid panel-has-style\" ><div class=\"sector_presentacion siteorigin-panels-stretch panel-row-style panel-row-style-for-2212-4\" data-stretch-type=\"full\" ><div id=\"pgc-2212-4-0\"  class=\"panel-grid-cell\" ><div id=\"panel-2212-4-0-0\" class=\"so-panel widget widget_sow-editor panel-first-child panel-last-child\" data-index=\"9\" ><div\n\t\t\t\n\t\t\tclass=\"so-widget-sow-editor so-widget-sow-editor-base\"\n\t\t\t\n\t\t>\n<div class=\"siteorigin-widget-tinymce textwidget\">\n\t<div style=\"padding-top: 30px; padding-bottom: 0px;\">\n<a href=\"http:\/\/guiaturismoparasordos.com\/fr\/visitasguiadas\/\"><img decoding=\"async\" src=\"http:\/\/guiaturismoparasordos.com\/wp-content\/uploads\/2020\/04\/olgaGuiadas.jpg\" class=\"olgaguiadas\" \/><\/a><\/p>\n<div style=\"text-align: center; color: white; font-size: 18px;\"><b>VISITES GUID\u00c9ES<\/b><\/div>\n<div style=\"text-align: justify; color: white; font-size: 18px;padding-left: 10px;padding-right: 10px;\">Mes itin\u00e9raires touristiques compl\u00e9t\u00e9s par la ville et visites guid\u00e9es sp\u00e9cialis\u00e9es des mus\u00e9es et monuments.<\/div>\n<\/div>\n<\/div>\n<\/div><\/div><\/div><div id=\"pgc-2212-4-1\"  class=\"panel-grid-cell panel-grid-cell-empty\" ><\/div><div id=\"pgc-2212-4-2\"  class=\"panel-grid-cell\" ><div id=\"panel-2212-4-2-0\" class=\"so-panel widget widget_sow-editor panel-first-child panel-last-child\" data-index=\"10\" ><div\n\t\t\t\n\t\t\tclass=\"so-widget-sow-editor so-widget-sow-editor-base\"\n\t\t\t\n\t\t>\n<div class=\"siteorigin-widget-tinymce textwidget\">\n\t<div style=\"padding-top: 30px; padding-bottom: 0px;\">\n<a href=\"\/documentos\/visitas_fr.pdf\"><img decoding=\"async\" src=\"http:\/\/guiaturismoparasordos.com\/wp-content\/uploads\/2020\/04\/olgaGuiadas1.jpg\" class=\"olgaguiadas\" \/><\/a><\/p>\n<div style=\"text-align: center; color: white; font-size: 18px;\"><b>NOUVELLE VISITE<\/b><\/div>\n<div style=\"text-align: justify; color: white; font-size: 18px;padding-left: 10px;padding-right: 10px;\">Agenda officiel de mes itin\u00e9raires touristiques autour de la ville et visites guid\u00e9es sp\u00e9cialis\u00e9es dans les mus\u00e9es et monuments.<\/div>\n<\/div>\n<\/div>\n<\/div><\/div><\/div><div id=\"pgc-2212-4-3\"  class=\"panel-grid-cell panel-grid-cell-empty\" ><\/div><div id=\"pgc-2212-4-4\"  class=\"panel-grid-cell\" ><div id=\"panel-2212-4-4-0\" class=\"so-panel widget widget_sow-editor panel-first-child panel-last-child\" data-index=\"11\" ><div\n\t\t\t\n\t\t\tclass=\"so-widget-sow-editor so-widget-sow-editor-base\"\n\t\t\t\n\t\t>\n<div class=\"siteorigin-widget-tinymce textwidget\">\n\t<div style=\"padding-top: 30px; padding-bottom: 0px;\">\n<a href=\"#\"><img decoding=\"async\" src=\"http:\/\/guiaturismoparasordos.com\/wp-content\/uploads\/2020\/04\/olgaGuiadas2.jpg\" class=\"olgaguiadas\" \/><\/a><\/p>\n<div style=\"text-align: center; color: white; font-size: 18px;\"><b>MA PROPOSITION<\/b><\/div>\n<div style=\"text-align: justify; color: white; font-size: 18px;padding-left: 10px;padding-right: 10px;\">Pr\u00e9senter mes propres itin\u00e9raires touristiques autour de la ville et des visites guid\u00e9es sp\u00e9cialis\u00e9es dans les mus\u00e9es et monuments en tant que projet.<\/div>\n<\/div>\n<\/div>\n<\/div><\/div><\/div><\/div><\/div><div id=\"pg-2212-5\"  class=\"panel-grid panel-has-style\" ><div class=\"sector_contacto siteorigin-panels-stretch panel-row-style panel-row-style-for-2212-5\" data-stretch-type=\"full\" ><div id=\"pgc-2212-5-0\"  class=\"panel-grid-cell\" ><div class=\"panel-cell-style panel-cell-style-for-2212-5-0\" ><div id=\"panel-2212-5-0-0\" class=\"so-panel widget widget_sow-editor panel-first-child\" data-index=\"12\" ><div class=\"panel-widget-style panel-widget-style-for-2212-5-0-0\" ><div\n\t\t\t\n\t\t\tclass=\"so-widget-sow-editor so-widget-sow-editor-base\"\n\t\t\t\n\t\t>\n<div class=\"siteorigin-widget-tinymce textwidget\">\n\t<div id=\"contacto\">\n<h1 style=\"text-align: center; color:#8b599e;\">CONTACT<\/h1>\n<\/div>\n<\/div>\n<\/div><\/div><\/div><div id=\"panel-2212-5-0-1\" class=\"so-panel widget widget_sow-editor panel-last-child\" data-index=\"13\" ><div\n\t\t\t\n\t\t\tclass=\"so-widget-sow-editor so-widget-sow-editor-base\"\n\t\t\t\n\t\t>\n<div class=\"siteorigin-widget-tinymce textwidget\">\n\t<div style=\"padding-top: 50px;\">\n<table style=\"width: 100%;\">\n<tbody>\n<tr>\n<th style=\"width: 10%; text-align: center;\"><img decoding=\"async\" class=\"mano\" src=\"http:\/\/guiaturismoparasordos.com\/wp-content\/uploads\/2020\/04\/hando.png\" alt=\"mano\" \/><\/th>\n<th class=\"descrip_mano\">Pour toute suggestion, question ou requ\u00eate sur mes visites guid\u00e9es.<\/th>\n<\/tr>\n<tr>\n<th style=\"width: 10%; text-align: center;\"><img decoding=\"async\" class=\"mano\" src=\"http:\/\/guiaturismoparasordos.com\/wp-content\/uploads\/2020\/04\/hando.png\" alt=\"mano\" \/><\/th>\n<th class=\"descrip_mano\">Faire des visites individuelles ou en groupe dans les mus\u00e9es, les expositions temporaires, les palais, les monast\u00e8res, les monuments, les itin\u00e9raires culturels de marche, etc.<\/th>\n<\/tr>\n<tr>\n<th style=\"width: 10%; text-align: center;\"><img decoding=\"async\" class=\"mano\" src=\"http:\/\/guiaturismoparasordos.com\/wp-content\/uploads\/2020\/04\/hando.png\" alt=\"mano\" \/><\/th>\n<th class=\"descrip_mano\">Planifier \u00e0 l'avance des visites et des excursions pour de grands groupes d'associations, d'entit\u00e9s, d'\u00e9coles, etc.<\/th>\n<\/tr>\n<tr>\n<th style=\"width: 10%; text-align: center;\"><img decoding=\"async\" class=\"mano\" src=\"http:\/\/guiaturismoparasordos.com\/wp-content\/uploads\/2020\/04\/hando.png\" alt=\"mano\" \/><\/th>\n<th class=\"descrip_mano\">Pour des collaborations de visites guid\u00e9es et d'ateliers didactiques avec des mus\u00e9es, des entit\u00e9s, des institutions, etc.<\/th>\n<\/tr>\n<tr>\n<th style=\"width: 10%; text-align: center;\"><img decoding=\"async\" class=\"mano\" src=\"http:\/\/guiaturismoparasordos.com\/wp-content\/uploads\/2020\/04\/hando.png\" alt=\"mano\" \/><\/th>\n<th class=\"descrip_mano\">Pour diagnostics d'accessibilit\u00e9 dans les mus\u00e9es, les galeries d'exposition, les espaces culturels, etc.<\/th>\n<\/tr>\n<tr>\n<th style=\"width: 10%; text-align: center;\"><img decoding=\"async\" class=\"mano\" src=\"http:\/\/guiaturismoparasordos.com\/wp-content\/uploads\/2020\/04\/hando.png\" alt=\"mano\" \/><\/th>\n<th class=\"descrip_mano\">Pour organiser des id\u00e9es \/ cadeaux de visites guid\u00e9es \u00e0 vos proches, petit ami \/ petite amie, partenaire, anniversaire, cadeaux surprise, etc.<\/th>\n<\/tr>\n<tr>\n<th style=\"width: 10%; text-align: center;\"><img decoding=\"async\" class=\"mano\" src=\"http:\/\/guiaturismoparasordos.com\/wp-content\/uploads\/2020\/04\/hando.png\" alt=\"mano\" \/><\/th>\n<th style=\"width: 90%; text-align: justify; color: black; font-size: 18px; padding: 30px; font-weight: 500;\">Pour toute autre collaboration et id\u00e9es.<\/th>\n<\/tr>\n<\/tbody>\n<\/table>\n<div><a style=\"padding-top: 50px; font-weight: bold; padding: 10px; border: 2px solid #8b599e; background-color: #8b599e; border-radius: 20px; color: white; text-decoration: none;\" href=\"mailto:obabarro@yahoo.es?subject=Guia%20Turismo%20Para%20Sordos&body=Message:%20\">ENVOYER DU COURRIER<\/a><\/div>\n<p><br\/<<br\/<\n<\/div>\n<\/div>\n<\/div><\/div><\/div><\/div><\/div><\/div><div id=\"pg-2212-6\"  class=\"panel-grid panel-no-style\" ><div id=\"pgc-2212-6-0\"  class=\"panel-grid-cell\" ><div id=\"panel-2212-6-0-0\" class=\"so-panel widget widget_sow-editor panel-first-child panel-last-child\" data-index=\"14\" ><div\n\t\t\t\n\t\t\tclass=\"so-widget-sow-editor so-widget-sow-editor-base\"\n\t\t\t\n\t\t>\n<div class=\"siteorigin-widget-tinymce textwidget\">\n\t<div class=\"barrafija barraaccesibilidad\"> <i class=\"far fa-hand-paper colorb\" style=\"color:white;\" onClick=\"videolse_cuando()\"><span style=\"font-size:15px\"> <b>LSE<\/b><\/span><\/i>   <i class=\"fas fa-volume-up colorb\"  onClick=\"audio_cuando()\"><\/i>  <i id=\"coloricon\" class=\"fas fa-adjust colorb\" onClick=\"accesofondo_cuando('yellow')\"><\/i>  <i class=\"fas fa-plus-circle colorb\" onClick=\"accesotamas_cuando()\"><\/i>  <i class=\"fas fa-minus-circle colorb\" onClick=\"accesotamenos_cuando()\"><\/i>   <i class=\"fas fa-arrow-up colorb\" onClick=\"topFunction()\"><\/i><\/div>\n<\/div>\n<\/div><\/div><\/div><\/div><\/div>","protected":false},"excerpt":{"rendered":"<p>PR\u00c9SENTATION Pour une accessibilit\u00e9 \u00e0 100% dans le tourisme et les loisirs pour tous. Accessibilit\u00e9 compl\u00e8te et efficace. Olga Babarro, premier guide touristique officiel pour les sourds en langue des signes et orale, en espagnol, anglais et fran\u00e7ais pour les malentendants et les malentendants en Espagne.<\/p>\n","protected":false},"author":2,"featured_media":0,"parent":0,"menu_order":0,"comment_status":"closed","ping_status":"open","template":"","meta":{"footnotes":""},"class_list":["post-2212","page","type-page","status-publish","hentry"],"_links":{"self":[{"href":"https:\/\/guiaturismoparasordos.com\/fr\/wp-json\/wp\/v2\/pages\/2212","targetHints":{"allow":["GET"]}}],"collection":[{"href":"https:\/\/guiaturismoparasordos.com\/fr\/wp-json\/wp\/v2\/pages"}],"about":[{"href":"https:\/\/guiaturismoparasordos.com\/fr\/wp-json\/wp\/v2\/types\/page"}],"author":[{"embeddable":true,"href":"https:\/\/guiaturismoparasordos.com\/fr\/wp-json\/wp\/v2\/users\/2"}],"replies":[{"embeddable":true,"href":"https:\/\/guiaturismoparasordos.com\/fr\/wp-json\/wp\/v2\/comments?post=2212"}],"version-history":[{"count":729,"href":"https:\/\/guiaturismoparasordos.com\/fr\/wp-json\/wp\/v2\/pages\/2212\/revisions"}],"predecessor-version":[{"id":2407,"href":"https:\/\/guiaturismoparasordos.com\/fr\/wp-json\/wp\/v2\/pages\/2212\/revisions\/2407"}],"wp:attachment":[{"href":"https:\/\/guiaturismoparasordos.com\/fr\/wp-json\/wp\/v2\/media?parent=2212"}],"curies":[{"name":"wp","href":"https:\/\/api.w.org\/{rel}","templated":true}]}}